{"id":528,"date":"2020-03-18T08:56:45","date_gmt":"2020-03-18T07:56:45","guid":{"rendered":"https:\/\/cs.3server.net\/cs\/?page_id=528"},"modified":"2020-03-18T08:56:59","modified_gmt":"2020-03-18T07:56:59","slug":"528-2","status":"publish","type":"page","link":"https:\/\/cs.3server.net\/cs\/528-2\/","title":{"rendered":""},"content":{"rendered":"\n\n<div class=\"um um-login um-507\">\n\t<div class=\"um-form\">\n\t\t<form method=\"post\" action=\"\" autocomplete=\"off\">\n\t\t\t<div class=\"um-row _um_row_1 \" style=\"padding: 0px 0px 0px 0px;background-color: #ffffff;margin: 0px 0px 30px 0px;border-width: 0px 0px 0px 0px;border-style: solid;border-color: #ffffff;border-radius: 0px;\"><div class=\"um-col-1\"><div  id=\"um_field_507_user_login\" class=\"um-field um-field-text  um-field-user_login um-field-text um-field-type_text\" data-key=\"user_login\"><div class=\"um-field-label\"><label for=\"user_login-507\">U\u017eivatelsk\u00e9 jm\u00e9no<\/label><div class=\"um-clear\"><\/div><\/div><div class=\"um-field-area\"><input  autocomplete=\"off\" class=\"um-form-field valid \" type=\"text\" name=\"user_login-507\" id=\"user_login-507\" value=\"\" placeholder=\"\" data-validate=\"unique_username\" data-key=\"user_login\"  aria-invalid=\"false\" \/>\n\n\t\t\t\t\t\t<\/div><\/div><div  id=\"um_field_507_user_password\" class=\"um-field um-field-password  um-field-user_password um-field-password um-field-type_password\" data-key=\"user_password\"><div class=\"um-field-label\"><label for=\"user_password-507\">Heslo<\/label><div class=\"um-clear\"><\/div><\/div><div class=\"um-field-area\"><input class=\"um-form-field valid \" type=\"password\" name=\"user_password-507\" id=\"user_password-507\" value=\"\" placeholder=\"\" data-validate=\"\" data-key=\"user_password\"  aria-invalid=\"false\" \/>\n\n\t\t\t\t\t\t\t<\/div><\/div><\/div><\/div>\t\t<input type=\"hidden\" name=\"form_id\" id=\"form_id_507\" value=\"507\" \/>\n\t\n\t<p class=\"um_request_name\">\n\t\t<label for=\"um_request_507\">Only fill in if you are not human<\/label>\n\t\t<input type=\"hidden\" name=\"um_request\" id=\"um_request_507\" class=\"input\" value=\"\" size=\"25\" autocomplete=\"off\" \/>\n\t<\/p>\n\n\t<input type=\"hidden\" id=\"_wpnonce\" name=\"_wpnonce\" value=\"ed3ba517ca\" \/><input type=\"hidden\" name=\"_wp_http_referer\" value=\"\/cs\/wp-json\/wp\/v2\/pages\/528\" \/>\n\t<div class=\"um-col-alt\">\n\n\t\t\n\n\t\t\t<div class=\"um-field um-field-c\">\n\t\t\t\t<div class=\"um-field-area\">\n\t\t\t\t\t<label class=\"um-field-checkbox\">\n\t\t\t\t\t\t<input type=\"checkbox\" name=\"rememberme\" value=\"1\"  \/>\n\t\t\t\t\t\t<span class=\"um-field-checkbox-state\"><i class=\"um-icon-android-checkbox-outline-blank\"><\/i><\/span>\n\t\t\t\t\t\t<span class=\"um-field-checkbox-option\"> P\u0159ihl\u00e1sit trvale<\/span>\n\t\t\t\t\t<\/label>\n\t\t\t\t<\/div>\n\t\t\t<\/div>\n\n\t\t\t\t\t\t<div class=\"um-clear\"><\/div>\n\t\t\n\t\t\t<div class=\"um-center\">\n\t\t\t\t<input type=\"submit\" value=\"P\u0159ihl\u00e1sit se\" class=\"um-button\" id=\"um-submit-btn\" \/>\n\t\t\t<\/div>\n\n\t\t\n\t\t<div class=\"um-clear\"><\/div>\n\n\t<\/div>\n\n\t\n\t<div class=\"um-col-alt-b\">\n\t\t<a href=\"https:\/\/cs.3server.net\/cs\/community\/\" class=\"um-link-alt\">\n\t\t\tZapomn\u011bli jste heslo?\t\t<\/a>\n\t<\/div>\n\n\t\t\t<\/form>\n\t<\/div>\n<\/div>\n<style>\n\t\t\t.um-507.um {\n\t\t\tmax-width: 450px;\n\t\t}\n\t\t<\/style>\n\n","protected":false},"excerpt":{"rendered":"<a href=\"https:\/\/cs.3server.net\/cs\/528-2\/\" class=\"btn frontech-btn\"><span><\/span>Read More<\/a>","protected":false},"author":4,"featured_media":0,"parent":0,"menu_order":0,"comment_status":"closed","ping_status":"closed","template":"","meta":{"footnotes":""},"_links":{"self":[{"href":"https:\/\/cs.3server.net\/cs\/wp-json\/wp\/v2\/pages\/528"}],"collection":[{"href":"https:\/\/cs.3server.net\/cs\/wp-json\/wp\/v2\/pages"}],"about":[{"href":"https:\/\/cs.3server.net\/cs\/wp-json\/wp\/v2\/types\/page"}],"author":[{"embeddable":true,"href":"https:\/\/cs.3server.net\/cs\/wp-json\/wp\/v2\/users\/4"}],"replies":[{"embeddable":true,"href":"https:\/\/cs.3server.net\/cs\/wp-json\/wp\/v2\/comments?post=528"}],"version-history":[{"count":3,"href":"https:\/\/cs.3server.net\/cs\/wp-json\/wp\/v2\/pages\/528\/revisions"}],"predecessor-version":[{"id":532,"href":"https:\/\/cs.3server.net\/cs\/wp-json\/wp\/v2\/pages\/528\/revisions\/532"}],"wp:attachment":[{"href":"https:\/\/cs.3server.net\/cs\/wp-json\/wp\/v2\/media?parent=528"}],"curies":[{"name":"wp","href":"https:\/\/api.w.org\/{rel}","templated":true}]}}